{"id":516,"date":"2025-04-16T15:30:00","date_gmt":"2025-04-16T15:30:00","guid":{"rendered":"http:\/\/lothos.local\/politique-de-cookies\/"},"modified":"2025-08-19T10:12:18","modified_gmt":"2025-08-19T10:12:18","slug":"politique-de-cookies","status":"publish","type":"page","link":"https:\/\/lothos.com\/fr\/politique-de-cookies\/","title":{"rendered":"Politique de cookies"},"content":{"rendered":"\n<hr class=\"wp-block-separator has-alpha-channel-opacity\"\/>\n\n<h1 class=\"wp-block-heading\"><\/h1>\n\n<p>Pour assurer le bon fonctionnement des sites Web Lothos.com, nous pla\u00e7ons parfois de petits fichiers de donn\u00e9es appel\u00e9s cookies sur votre appareil.<\/p>\n\n<hr class=\"wp-block-separator has-alpha-channel-opacity\"\/>\n\n<h3 class=\"wp-block-heading\">Que sont les cookies ?<\/h3>\n\n<p>Un cookie est un petit fichier texte qu&#8217;un site web enregistre sur votre ordinateur ou appareil mobile lorsque vous le consultez. \u00c0 chaque visite sur le site Lothos.com, vous serez invit\u00e9 \u00e0 accepter les cookies. Cela permet au site de m\u00e9moriser vos pr\u00e9f\u00e9rences (langue, param\u00e8tres d&#8217;affichage, etc.) pendant une dur\u00e9e d\u00e9termin\u00e9e. Ainsi, vous n&#8217;avez pas besoin de les saisir \u00e0 nouveau lors de votre navigation.   <\/p>\n\n<h3 class=\"wp-block-heading\">Comment utilisons-nous les cookies ?<\/h3>\n\n<p><strong>Les 2 types de cookies que nous utilisons :<\/strong><\/p>\n\n<h4 class=\"wp-block-heading\">Site Web op\u00e9rationnel<\/h4>\n\n<p><em>Certains cookies sont n\u00e9cessaires au fonctionnement de certaines pages web. Par cons\u00e9quent, ils ne n\u00e9cessitent pas votre consentement. <\/em><\/p>\n\n<p>Nom :<strong> cookiePopupViewed.<\/strong> Objectif : enregistre vos pr\u00e9f\u00e9rences en mati\u00e8re de cookies (afin que vous n&#8217;ayez plus \u00e0 les saisir). <\/p>\n\n<p>Nom :<strong> birnIsAuth<\/strong>. Objectif : enregistre les param\u00e8tres de session pour le tableau de bord de l&#8217;administrateur. <\/p>\n\n<p>Nom : <strong>NEXT_LOCALE<\/strong>. Objectif : enregistre les param\u00e8tres de langue du site. <\/p>\n\n<p>Nom : <strong>birn_currency<\/strong>. Objectif : enregistre les param\u00e8tres de devise du site. <\/p>\n\n<p>Nom : <strong>viewActive<\/strong>. Objectif : enregistre les param\u00e8tres d&#8217;affichage de la grille du site sur la page Propri\u00e9t\u00e9s. <\/p>\n\n<h4 class=\"wp-block-heading\">Donn\u00e9es analytiques<\/h4>\n\n<p><em>Nous utilisons des outils d&#8217;analyse tiers. Ces cookies ne seront stock\u00e9s dans votre navigateur qu&#8217;apr\u00e8s votre acceptation. <\/em><\/p>\n\n<p>Nom : <strong>_fbp<\/strong>. Objectif : Analyse des pixels Facebook. <\/p>\n\n<p>Nom :<strong> _ga<\/strong>. Finalit\u00e9 : Google Analytics <\/p>\n\n<p>Nom : <strong>_ga_FFRRYW77BL<\/strong>. Finalit\u00e9 : Google Analytics <\/p>\n\n<h3 class=\"wp-block-heading\">Comment g\u00e9rer les cookies ?<\/h3>\n\n<h4 class=\"wp-block-heading\">Supprimer les cookies de votre appareil<\/h4>\n\n<p>Vous pouvez supprimer tous les cookies d\u00e9j\u00e0 pr\u00e9sents sur votre appareil en effa\u00e7ant l&#8217;historique de navigation de votre navigateur. Cela supprimera tous les cookies de tous les sites web que vous avez consult\u00e9s. Sachez toutefois que vous risquez de perdre certaines informations enregistr\u00e9es (par exemple, vos identifiants de connexion et vos pr\u00e9f\u00e9rences de site).  <\/p>\n\n<h4 class=\"wp-block-heading\">Gestion des cookies sp\u00e9cifiques au site<\/h4>\n\n<p>Pour un contr\u00f4le plus d\u00e9taill\u00e9 des cookies sp\u00e9cifiques au site, v\u00e9rifiez les param\u00e8tres de confidentialit\u00e9 et de cookies dans votre navigateur pr\u00e9f\u00e9r\u00e9.<\/p>\n\n<h4 class=\"wp-block-heading\">Bloquer les cookies<\/h4>\n\n<p>Vous pouvez configurer la plupart des navigateurs modernes pour emp\u00eacher l&#8217;enregistrement de cookies sur votre appareil, mais vous devrez alors peut-\u00eatre ajuster manuellement certaines pr\u00e9f\u00e9rences \u00e0 chaque visite. Certains services et fonctionnalit\u00e9s pourraient \u00e9galement ne pas fonctionner correctement (par exemple, la connexion \u00e0 votre profil). <\/p>\n","protected":false},"excerpt":{"rendered":"<p>Pour assurer le bon fonctionnement des sites Web Lothos.com, nous pla\u00e7ons parfois de petits fichiers de donn\u00e9es appel\u00e9s cookies sur votre appareil. Que sont les cookies ? Un cookie est un petit fichier texte qu&#8217;un site web enregistre sur votre ordinateur ou appareil mobile lorsque vous le consultez. \u00c0 chaque visite sur le site Lothos.com, [&hellip;]<\/p>\n","protected":false},"author":1,"featured_media":0,"parent":0,"menu_order":0,"comment_status":"closed","ping_status":"closed","template":"","meta":{"_acf_changed":false,"footnotes":""},"class_list":["post-516","page","type-page","status-publish","hentry"],"acf":[],"_links":{"self":[{"href":"https:\/\/lothos.com\/fr\/wp-json\/wp\/v2\/pages\/516","targetHints":{"allow":["GET"]}}],"collection":[{"href":"https:\/\/lothos.com\/fr\/wp-json\/wp\/v2\/pages"}],"about":[{"href":"https:\/\/lothos.com\/fr\/wp-json\/wp\/v2\/types\/page"}],"author":[{"embeddable":true,"href":"https:\/\/lothos.com\/fr\/wp-json\/wp\/v2\/users\/1"}],"replies":[{"embeddable":true,"href":"https:\/\/lothos.com\/fr\/wp-json\/wp\/v2\/comments?post=516"}],"version-history":[{"count":1,"href":"https:\/\/lothos.com\/fr\/wp-json\/wp\/v2\/pages\/516\/revisions"}],"predecessor-version":[{"id":517,"href":"https:\/\/lothos.com\/fr\/wp-json\/wp\/v2\/pages\/516\/revisions\/517"}],"wp:attachment":[{"href":"https:\/\/lothos.com\/fr\/wp-json\/wp\/v2\/media?parent=516"}],"curies":[{"name":"wp","href":"https:\/\/api.w.org\/{rel}","templated":true}]}}