{"id":514,"date":"2024-09-10T15:50:00","date_gmt":"2024-09-10T15:50:00","guid":{"rendered":"http:\/\/lothos.local\/a-venir\/"},"modified":"2025-08-19T10:08:08","modified_gmt":"2025-08-19T10:08:08","slug":"a-venir","status":"publish","type":"page","link":"https:\/\/lothos.com\/fr\/a-venir\/","title":{"rendered":"\u00c0 VENIR"},"content":{"rendered":"\n<hr class=\"wp-block-separator has-alpha-channel-opacity\"\/>\n\n<h3 class=\"wp-block-heading\">Lothos PRO &#8211; la derni\u00e8re innovation en mati\u00e8re de d\u00e9veloppement de projet &#8211; est en cours de d\u00e9veloppement<\/h3>\n\n<p><\/p>\n","protected":false},"excerpt":{"rendered":"<p>Lothos PRO &#8211; la derni\u00e8re innovation en mati\u00e8re de d\u00e9veloppement de projet &#8211; est en cours de d\u00e9veloppement<\/p>\n","protected":false},"author":1,"featured_media":0,"parent":0,"menu_order":0,"comment_status":"closed","ping_status":"closed","template":"","meta":{"_acf_changed":false,"footnotes":""},"class_list":["post-514","page","type-page","status-publish","hentry"],"acf":[],"_links":{"self":[{"href":"https:\/\/lothos.com\/fr\/wp-json\/wp\/v2\/pages\/514","targetHints":{"allow":["GET"]}}],"collection":[{"href":"https:\/\/lothos.com\/fr\/wp-json\/wp\/v2\/pages"}],"about":[{"href":"https:\/\/lothos.com\/fr\/wp-json\/wp\/v2\/types\/page"}],"author":[{"embeddable":true,"href":"https:\/\/lothos.com\/fr\/wp-json\/wp\/v2\/users\/1"}],"replies":[{"embeddable":true,"href":"https:\/\/lothos.com\/fr\/wp-json\/wp\/v2\/comments?post=514"}],"version-history":[{"count":1,"href":"https:\/\/lothos.com\/fr\/wp-json\/wp\/v2\/pages\/514\/revisions"}],"predecessor-version":[{"id":515,"href":"https:\/\/lothos.com\/fr\/wp-json\/wp\/v2\/pages\/514\/revisions\/515"}],"wp:attachment":[{"href":"https:\/\/lothos.com\/fr\/wp-json\/wp\/v2\/media?parent=514"}],"curies":[{"name":"wp","href":"https:\/\/api.w.org\/{rel}","templated":true}]}}