{"id":449,"date":"2025-08-08T07:16:45","date_gmt":"2025-08-08T07:16:45","guid":{"rendered":"http:\/\/lothos.local\/contact\/"},"modified":"2025-08-19T09:02:02","modified_gmt":"2025-08-19T09:02:02","slug":"contact","status":"publish","type":"page","link":"https:\/\/lothos.com\/fr\/contact\/","title":{"rendered":"Contact"},"content":{"rendered":"\n<p>Nous vous invitons \u00e0 rencontrer notre \u00e9quipe \u00e0 Monaco pour discuter de la transformation de votre vision personnelle en un superyacht d&#8217;exception. Toutes les r\u00e9unions et visites peuvent \u00e9galement avoir lieu en ligne via notre portail professionnel Lothos. <\/p>\n\n\n\n<p>Contactez-nous ! Que vous imaginiez un yacht de luxe sur mesure ou que vous ayez besoin de conseils d&#8217;experts en conception et d\u00e9veloppement, notre \u00e9quipe est l\u00e0 pour donner vie \u00e0 votre vision. Contactez-nous pour discuter de votre projet, demander une consultation ou simplement nous poser une question.  <\/p>\n\n\n\n<div class=\"wpcf7 no-js\" id=\"wpcf7-f472-o1\" lang=\"fr-FR\" dir=\"ltr\" data-wpcf7-id=\"472\">\n<div class=\"screen-reader-response\"><p role=\"status\" aria-live=\"polite\" aria-atomic=\"true\"><\/p> <ul><\/ul><\/div>\n<form action=\"\/fr\/wp-json\/wp\/v2\/pages\/449#wpcf7-f472-o1\" method=\"post\" class=\"wpcf7-form init\" aria-label=\"Contact form\" novalidate=\"novalidate\" data-status=\"init\">\n<fieldset class=\"hidden-fields-container\"><input type=\"hidden\" name=\"_wpcf7\" value=\"472\" \/><input type=\"hidden\" name=\"_wpcf7_version\" value=\"6.1\" \/><input type=\"hidden\" name=\"_wpcf7_locale\" value=\"fr_FR\" \/><input type=\"hidden\" name=\"_wpcf7_unit_tag\" value=\"wpcf7-f472-o1\" \/><input type=\"hidden\" name=\"_wpcf7_container_post\" value=\"0\" \/><input type=\"hidden\" name=\"_wpcf7_posted_data_hash\" value=\"\" \/>\n<\/fieldset>\n<h3>Entrer en <em>contact<\/em><\/h3>\n\n<div>\n<span class=\"wpcf7-form-control-wrap\" data-name=\"user-name\"><input size=\"40\" maxlength=\"400\" class=\"wpcf7-form-control wpcf7-text wpcf7-validates-as-required\" id=\"service-name\" aria-required=\"true\" aria-invalid=\"false\" placeholder=\"\" value=\"\" type=\"text\" name=\"user-name\" \/><\/span>\n<label for=\"service-name\">Nom*<\/label>\n<\/div>\n\n<div>\n<span class=\"wpcf7-form-control-wrap\" data-name=\"user-email\"><input size=\"40\" maxlength=\"400\" class=\"wpcf7-form-control wpcf7-email wpcf7-text wpcf7-validates-as-email\" id=\"service-email\" aria-invalid=\"false\" placeholder=\"\" value=\"\" type=\"email\" name=\"user-email\" \/><\/span>\n<label for=\"service-email\">E-mail<\/label>\n<\/div>\n\n<div>\n<span class=\"wpcf7-form-control-wrap\" data-name=\"user-tel\"><input size=\"40\" maxlength=\"400\" class=\"wpcf7-form-control wpcf7-tel wpcf7-validates-as-required wpcf7-text wpcf7-validates-as-tel\" id=\"service-tel\" aria-required=\"true\" aria-invalid=\"false\" placeholder=\"\" value=\"\" type=\"tel\" name=\"user-tel\" \/><\/span>\n<label for=\"service-tel\">T\u00e9l\u00e9phone*<\/label>\n<\/div>\n\n<div>\n<span class=\"wpcf7-form-control-wrap\" data-name=\"user-msg\"><textarea cols=\"40\" rows=\"10\" maxlength=\"2000\" class=\"wpcf7-form-control wpcf7-textarea wpcf7-validates-as-required\" id=\"service-msg\" aria-required=\"true\" aria-invalid=\"false\" placeholder=\"\" name=\"user-msg\"><\/textarea><\/span>\n<label for=\"service-msg\">Message*<\/label>\n<\/div>\n\n<div class=\"checkbox\">\n<span class=\"wpcf7-form-control-wrap\" data-name=\"acceptance-service\"><span class=\"wpcf7-form-control wpcf7-acceptance\"><span class=\"wpcf7-list-item\"><label><input type=\"checkbox\" name=\"acceptance-service\" value=\"1\" aria-invalid=\"false\" \/><span class=\"wpcf7-list-item-label\">J'accepte les termes et conditions et la politique de confidentialit\u00e9<\/span><\/label><\/span><\/span><\/span>\n<\/div>\n\n<div>\n<input class=\"wpcf7-form-control wpcf7-submit has-spinner button\" type=\"submit\" value=\"Envoyer\" \/>\n<\/div><div class=\"wpcf7-response-output\" aria-hidden=\"true\"><\/div>\n<\/form>\n<\/div>\n\n","protected":false},"excerpt":{"rendered":"<p>Nous vous invitons \u00e0 rencontrer notre \u00e9quipe \u00e0 Monaco pour discuter de la transformation de votre vision personnelle en un superyacht d&#8217;exception. Toutes les r\u00e9unions et visites peuvent \u00e9galement avoir lieu en ligne via notre portail professionnel Lothos. Contactez-nous ! Que vous imaginiez un yacht de luxe sur mesure ou que vous ayez besoin de [&hellip;]<\/p>\n","protected":false},"author":1,"featured_media":409,"parent":0,"menu_order":0,"comment_status":"closed","ping_status":"closed","template":"template-contact.php","meta":{"_acf_changed":false,"footnotes":""},"class_list":["post-449","page","type-page","status-publish","has-post-thumbnail","hentry"],"acf":[],"_links":{"self":[{"href":"https:\/\/lothos.com\/fr\/wp-json\/wp\/v2\/pages\/449","targetHints":{"allow":["GET"]}}],"collection":[{"href":"https:\/\/lothos.com\/fr\/wp-json\/wp\/v2\/pages"}],"about":[{"href":"https:\/\/lothos.com\/fr\/wp-json\/wp\/v2\/types\/page"}],"author":[{"embeddable":true,"href":"https:\/\/lothos.com\/fr\/wp-json\/wp\/v2\/users\/1"}],"replies":[{"embeddable":true,"href":"https:\/\/lothos.com\/fr\/wp-json\/wp\/v2\/comments?post=449"}],"version-history":[{"count":2,"href":"https:\/\/lothos.com\/fr\/wp-json\/wp\/v2\/pages\/449\/revisions"}],"predecessor-version":[{"id":478,"href":"https:\/\/lothos.com\/fr\/wp-json\/wp\/v2\/pages\/449\/revisions\/478"}],"wp:featuredmedia":[{"embeddable":true,"href":"https:\/\/lothos.com\/fr\/wp-json\/wp\/v2\/media\/409"}],"wp:attachment":[{"href":"https:\/\/lothos.com\/fr\/wp-json\/wp\/v2\/media?parent=449"}],"curies":[{"name":"wp","href":"https:\/\/api.w.org\/{rel}","templated":true}]}}