{"id":802,"date":"2025-08-11T06:54:52","date_gmt":"2025-08-11T06:54:52","guid":{"rendered":"https:\/\/lothos.com\/impressum\/"},"modified":"2026-02-13T14:19:44","modified_gmt":"2026-02-13T14:19:44","slug":"impressum","status":"publish","type":"page","link":"https:\/\/lothos.com\/de\/impressum\/","title":{"rendered":"Imprint"},"content":{"rendered":"\n<h3 class=\"wp-block-heading\">Impressum<\/h3>\n\n\n\n<p>Informationen \u00fcber den Diensteanbieter.<\/p>\n\n\n\n<p><strong>Lothos Interior GmbH<\/strong><\/p>\n\n\n\n<p>Holzinnovationszentrum3,&nbsp;<br>8740 Zeltweg,&nbsp;<br>\u00d6sterreich<\/p>\n\n\n\n<p><strong>Tel.:<\/strong>&nbsp;+43 3577\/25765<br><strong>E-Mail:<\/strong>&nbsp;<a href=\"mailto:hello@lothos.com\" target=\"_blank\" rel=\"noreferrer noopener\">hello@lothos.com<\/a><\/p>\n\n\n\n<p><strong>Firmenbuchnummer:<\/strong>&nbsp;FN 644017 i<br><strong>Firmenbuchgericht:<\/strong>&nbsp;Leoben<br><strong>Firmensitz:<\/strong>&nbsp;8740 Zeltweg<br><strong>Unternehmensgegenstand:<\/strong>&nbsp;Refit von Yachtinterieur<br><strong>UID-Nummer:<\/strong>&nbsp;ATU81638202<br><strong>GLN (Global Location Number):<\/strong>&nbsp;9110037087675<br><strong>GISA (Gewerbeinformationssystem Austria):<\/strong>&nbsp;38011177<br><strong>Mitglied bei:<\/strong>&nbsp;WKO Steiermark<br><strong>Berufsrecht:<\/strong>&nbsp;<a href=\"http:\/\/www.ris.bka.gv.at\/\" target=\"_blank\" rel=\"noreferrer noopener\">www.ris.bka.gv.at<\/a><\/p>\n\n\n\n<p><strong>Aufsichtsbeh\u00f6rde:<\/strong><br>Bezirkshauptmannschaft Murtal<\/p>\n\n\n\n<p><strong>Berufsbezeichnung:<\/strong>&nbsp;Handelsgewerbe<br><strong>Verleihungsstaat:<\/strong>&nbsp;\u00d6sterreich<\/p>\n\n\n\n<p><strong>Gesch\u00e4ftsf\u00fchrer:<\/strong>&nbsp;DI Heimo Reicher, Herbert Gr\u00f6ller, Arina Gr\u00f6ller<\/p>\n\n\n\n<p><strong>E-Mail:<\/strong>&nbsp;<a href=\"mailto:hello@lothos.com\" target=\"_blank\" rel=\"noreferrer noopener\">hello@lothos.com<\/a><br><strong>Impressum:<\/strong>&nbsp;<a href=\"https:\/\/lothos.com\/de\/impressum\/\" rel=\"noreferrer noopener\" target=\"_blank\">https:\/\/lothos.com\/impressum\/<\/a><\/p>\n\n\n\n<p>Alle Texte sind urheberrechtlich gesch\u00fctzt.<\/p>\n","protected":false},"excerpt":{"rendered":"<p>Impressum Informationen \u00fcber den Diensteanbieter. Lothos Interior GmbH Holzinnovationszentrum3,&nbsp;8740 Zeltweg,&nbsp;\u00d6sterreich Tel.:&nbsp;+43 3577\/25765E-Mail:&nbsp;hello@lothos.com Firmenbuchnummer:&nbsp;FN 644017 iFirmenbuchgericht:&nbsp;LeobenFirmensitz:&nbsp;8740 ZeltwegUnternehmensgegenstand:&nbsp;Refit von YachtinterieurUID-Nummer:&nbsp;ATU81638202GLN (Global Location Number):&nbsp;9110037087675GISA (Gewerbeinformationssystem Austria):&nbsp;38011177Mitglied bei:&nbsp;WKO SteiermarkBerufsrecht:&nbsp;www.ris.bka.gv.at Aufsichtsbeh\u00f6rde:Bezirkshauptmannschaft Murtal Berufsbezeichnung:&nbsp;HandelsgewerbeVerleihungsstaat:&nbsp;\u00d6sterreich Gesch\u00e4ftsf\u00fchrer:&nbsp;DI Heimo Reicher, Herbert Gr\u00f6ller, Arina Gr\u00f6ller E-Mail:&nbsp;hello@lothos.comImpressum:&nbsp;https:\/\/lothos.com\/impressum\/ Alle Texte sind urheberrechtlich gesch\u00fctzt.<\/p>\n","protected":false},"author":1,"featured_media":0,"parent":0,"menu_order":0,"comment_status":"closed","ping_status":"closed","template":"","meta":{"_acf_changed":false,"footnotes":""},"class_list":["post-802","page","type-page","status-publish","hentry"],"acf":[],"_links":{"self":[{"href":"https:\/\/lothos.com\/de\/wp-json\/wp\/v2\/pages\/802","targetHints":{"allow":["GET"]}}],"collection":[{"href":"https:\/\/lothos.com\/de\/wp-json\/wp\/v2\/pages"}],"about":[{"href":"https:\/\/lothos.com\/de\/wp-json\/wp\/v2\/types\/page"}],"author":[{"embeddable":true,"href":"https:\/\/lothos.com\/de\/wp-json\/wp\/v2\/users\/1"}],"replies":[{"embeddable":true,"href":"https:\/\/lothos.com\/de\/wp-json\/wp\/v2\/comments?post=802"}],"version-history":[{"count":2,"href":"https:\/\/lothos.com\/de\/wp-json\/wp\/v2\/pages\/802\/revisions"}],"predecessor-version":[{"id":806,"href":"https:\/\/lothos.com\/de\/wp-json\/wp\/v2\/pages\/802\/revisions\/806"}],"wp:attachment":[{"href":"https:\/\/lothos.com\/de\/wp-json\/wp\/v2\/media?parent=802"}],"curies":[{"name":"wp","href":"https:\/\/api.w.org\/{rel}","templated":true}]}}