{"id":443,"date":"2025-08-08T07:16:45","date_gmt":"2025-08-08T07:16:45","guid":{"rendered":"http:\/\/lothos.local\/kontakt\/"},"modified":"2025-08-18T19:50:38","modified_gmt":"2025-08-18T19:50:38","slug":"kontakt","status":"publish","type":"page","link":"https:\/\/lothos.com\/de\/kontakt\/","title":{"rendered":"Kontakt"},"content":{"rendered":"\n<p>Wir laden Sie ein, unser Team in Monaco zu treffen, um die Verwirklichung Ihrer pers\u00f6nlichen Vision einer au\u00dfergew\u00f6hnlichen Superyacht zu besprechen. Alle Meetings und Besuche k\u00f6nnen auch online \u00fcber unser professionelles Lothos-Portal stattfinden.<\/p>\n\n<p>Kontaktieren Sie uns! Egal, ob Sie eine ma\u00dfgeschneiderte Luxusyacht planen oder fachkundige Beratung zu Yachtdesign und -entwicklung ben\u00f6tigen, unser Team ist hier, um Ihre Vision zu verwirklichen. Kontaktieren Sie uns, um Ihr Projekt zu besprechen, eine Beratung anzufragen oder uns einfach eine Frage zu stellen.<\/p>\n\n<div class=\"wpcf7 no-js\" id=\"wpcf7-f476-o1\" lang=\"de-DE\" dir=\"ltr\" data-wpcf7-id=\"476\">\n<div class=\"screen-reader-response\"><p role=\"status\" aria-live=\"polite\" aria-atomic=\"true\"><\/p> <ul><\/ul><\/div>\n<form action=\"\/de\/wp-json\/wp\/v2\/pages\/443#wpcf7-f476-o1\" method=\"post\" class=\"wpcf7-form init\" aria-label=\"Contact form\" novalidate=\"novalidate\" data-status=\"init\">\n<fieldset class=\"hidden-fields-container\"><input type=\"hidden\" name=\"_wpcf7\" value=\"476\" \/><input type=\"hidden\" name=\"_wpcf7_version\" value=\"6.1\" \/><input type=\"hidden\" name=\"_wpcf7_locale\" value=\"de_DE\" \/><input type=\"hidden\" name=\"_wpcf7_unit_tag\" value=\"wpcf7-f476-o1\" \/><input type=\"hidden\" name=\"_wpcf7_container_post\" value=\"0\" \/><input type=\"hidden\" name=\"_wpcf7_posted_data_hash\" value=\"\" \/>\n<\/fieldset>\n<h3>Nehmen Sie <em>Kontakt auf<\/em><\/h3>\n\n<div>\n<span class=\"wpcf7-form-control-wrap\" data-name=\"user-name\"><input size=\"40\" maxlength=\"400\" class=\"wpcf7-form-control wpcf7-text wpcf7-validates-as-required\" id=\"service-name\" aria-required=\"true\" aria-invalid=\"false\" placeholder=\"\" value=\"\" type=\"text\" name=\"user-name\" \/><\/span>\n<label for=\"service-name\">Name*<\/label>\n<\/div>\n\n<div>\n<span class=\"wpcf7-form-control-wrap\" data-name=\"user-email\"><input size=\"40\" maxlength=\"400\" class=\"wpcf7-form-control wpcf7-email wpcf7-text wpcf7-validates-as-email\" id=\"service-email\" aria-invalid=\"false\" placeholder=\"\" value=\"\" type=\"email\" name=\"user-email\" \/><\/span>\n<label for=\"service-email\">E-mail<\/label>\n<\/div>\n\n<div>\n<span class=\"wpcf7-form-control-wrap\" data-name=\"user-tel\"><input size=\"40\" maxlength=\"400\" class=\"wpcf7-form-control wpcf7-tel wpcf7-validates-as-required wpcf7-text wpcf7-validates-as-tel\" id=\"service-tel\" aria-required=\"true\" aria-invalid=\"false\" placeholder=\"\" value=\"\" type=\"tel\" name=\"user-tel\" \/><\/span>\n<label for=\"service-tel\">Telefonnummer*<\/label>\n<\/div>\n\n<div>\n<span class=\"wpcf7-form-control-wrap\" data-name=\"user-msg\"><textarea cols=\"40\" rows=\"10\" maxlength=\"2000\" class=\"wpcf7-form-control wpcf7-textarea wpcf7-validates-as-required\" id=\"service-msg\" aria-required=\"true\" aria-invalid=\"false\" placeholder=\"\" name=\"user-msg\"><\/textarea><\/span>\n<label for=\"service-msg\">Nachricht*<\/label>\n<\/div>\n\n<div class=\"checkbox\">\n<span class=\"wpcf7-form-control-wrap\" data-name=\"acceptance-service\"><span class=\"wpcf7-form-control wpcf7-acceptance\"><span class=\"wpcf7-list-item\"><label><input type=\"checkbox\" name=\"acceptance-service\" value=\"1\" aria-invalid=\"false\" \/><span class=\"wpcf7-list-item-label\">Ich stimme den Allgemeinen Gesch\u00e4ftsbedingungen und Datenschutzbestimmungen zu<\/span><\/label><\/span><\/span><\/span>\n<\/div>\n\n<div>\n<input class=\"wpcf7-form-control wpcf7-submit has-spinner button\" type=\"submit\" value=\"Senden\" \/>\n<\/div><div class=\"wpcf7-response-output\" aria-hidden=\"true\"><\/div>\n<\/form>\n<\/div>\n\n","protected":false},"excerpt":{"rendered":"<p>Wir laden Sie ein, unser Team in Monaco zu treffen, um die Verwirklichung Ihrer pers\u00f6nlichen Vision einer au\u00dfergew\u00f6hnlichen Superyacht zu besprechen. Alle Meetings und Besuche k\u00f6nnen auch online \u00fcber unser professionelles Lothos-Portal stattfinden. Kontaktieren Sie uns! Egal, ob Sie eine ma\u00dfgeschneiderte Luxusyacht planen oder fachkundige Beratung zu Yachtdesign und -entwicklung ben\u00f6tigen, unser Team ist hier, [&hellip;]<\/p>\n","protected":false},"author":1,"featured_media":410,"parent":0,"menu_order":0,"comment_status":"closed","ping_status":"closed","template":"template-contact.php","meta":{"_acf_changed":false,"footnotes":""},"class_list":["post-443","page","type-page","status-publish","has-post-thumbnail","hentry"],"acf":[],"_links":{"self":[{"href":"https:\/\/lothos.com\/de\/wp-json\/wp\/v2\/pages\/443","targetHints":{"allow":["GET"]}}],"collection":[{"href":"https:\/\/lothos.com\/de\/wp-json\/wp\/v2\/pages"}],"about":[{"href":"https:\/\/lothos.com\/de\/wp-json\/wp\/v2\/types\/page"}],"author":[{"embeddable":true,"href":"https:\/\/lothos.com\/de\/wp-json\/wp\/v2\/users\/1"}],"replies":[{"embeddable":true,"href":"https:\/\/lothos.com\/de\/wp-json\/wp\/v2\/comments?post=443"}],"version-history":[{"count":2,"href":"https:\/\/lothos.com\/de\/wp-json\/wp\/v2\/pages\/443\/revisions"}],"predecessor-version":[{"id":453,"href":"https:\/\/lothos.com\/de\/wp-json\/wp\/v2\/pages\/443\/revisions\/453"}],"wp:featuredmedia":[{"embeddable":true,"href":"https:\/\/lothos.com\/de\/wp-json\/wp\/v2\/media\/410"}],"wp:attachment":[{"href":"https:\/\/lothos.com\/de\/wp-json\/wp\/v2\/media?parent=443"}],"curies":[{"name":"wp","href":"https:\/\/api.w.org\/{rel}","templated":true}]}}